{"id":413,"date":"2017-07-18T12:28:58","date_gmt":"2017-07-18T12:28:58","guid":{"rendered":"https:\/\/www.cuadrilladeayala.eus\/kuadrilla\/guia-de-servicios\/"},"modified":"2023-02-22T10:35:06","modified_gmt":"2023-02-22T10:35:06","slug":"zerbitzu-eta-baliabideen-gida","status":"publish","type":"page","link":"https:\/\/www.aiaraldea.org\/eu\/kuadrilla\/zerbitzu-eta-baliabideen-gida\/","title":{"rendered":"Zerbitzu eta baliabideen gida"},"content":{"rendered":"\t\t<div data-elementor-type=\"wp-page\" data-elementor-id=\"413\" class=\"elementor elementor-413 elementor-58\">\n\t\t\t\t\t\t<div class=\"elementor-inner\">\n\t\t\t\t<div class=\"elementor-section-wrap\">\n\t\t\t\t\t\t\t\t\t<section class=\"elementor-section elementor-top-section elementor-element elementor-element-5ae79dd3 elementor-section-boxed elementor-section-height-default elementor-section-height-default\" data-id=\"5ae79dd3\" data-element_type=\"section\">\n\t\t\t\t\t\t<div class=\"elementor-container elementor-column-gap-default\">\n\t\t\t\t\t\t\t<div class=\"elementor-row\">\n\t\t\t\t\t<div class=\"elementor-column elementor-col-100 elementor-top-column elementor-element elementor-element-57f76eca\" data-id=\"57f76eca\" data-element_type=\"column\">\n\t\t\t<div class=\"elementor-column-wrap elementor-element-populated\">\n\t\t\t\t\t\t\t<div class=\"elementor-widget-wrap\">\n\t\t\t\t\t\t<div class=\"elementor-element elementor-element-61ef6a4a elementor-widget elementor-widget-text-editor\" data-id=\"61ef6a4a\" data-element_type=\"widget\" data-widget_type=\"text-editor.default\">\n\t\t\t\t<div class=\"elementor-widget-container\">\n\t\t\t\t\t\t\t\t<div class=\"elementor-text-editor elementor-clearfix\">\n\t\t\t\t<p>La Gu\u00eda de Servicios y Recursos de la Cuadrilla de Aiaraldea se publica bianualmente y se distribuye de forma gratuita en todos los hogares de los cinco municipios que componen la Cuadrilla.<\/p>\n<p>Los objetivos de esta gu\u00eda son:<\/p>\n<ul>\n<li>Aportar informaci\u00f3n actualizada sobre la instituci\u00f3n y la comarca.<\/li>\n<li>Servir como directorio de las empresas y comercios de los cinco municipios que integran la Cuadrilla.<\/li>\n<\/ul>\n<p>Desde esta web se puede acceder a los contenidos de la Gu\u00eda. Pinche en el borde derecho de la imagen para pasar a la p\u00e1gina siguiente, o en el borde izquierdo para volver a la p\u00e1gina anterior.<\/p>\n<p><a href=\"https:\/\/www.cuadrilladeayala.eus\/wp-content\/uploads\/2018\/05\/Guia_cuadrilla_ayala_2018-2019.pdf\" target=\"_self\" role=\"button\" style=\"background-color: rgb(255, 255, 255); color: rgb(51, 51, 51); outline-width: 0px;\"><br>DESCARGAR<\/a><br><\/p><a href=\"https:\/\/www.cuadrilladeayala.eus\/wp-content\/uploads\/2018\/05\/Guia_cuadrilla_ayala_2018-2019.pdf\" class=\"pdfemb-viewer\" style=\"\" data-width=\"max\" data-height=\"max\" data-toolbar=\"bottom\" data-toolbar-fixed=\"off\">Guia_cuadrilla_ayala_2018-2019<\/a>\n<p>\t\t\t<a href=\"https:\/\/www.cuadrilladeayala.eus\/wp-content\/uploads\/2018\/05\/Guia_cuadrilla_ayala_2018-2019.pdf\" target=\"_self\" role=\"button\"><br>\n\t\t\t\t\t\tDESCARGAR<br>\n\t\t\t\t\t<\/a><\/p>\n<a href=\"https:\/\/www.cuadrilladeayala.eus\/wp-content\/uploads\/2017\/11\/guia_recursos_servicios-cuadrilla_ayala.pdf\" class=\"pdfemb-viewer\" style=\"\" data-width=\"max\" data-height=\"max\" data-toolbar=\"bottom\" data-toolbar-fixed=\"off\">guia_recursos_servicios-cuadrilla_ayala<\/a>\n<p>\t\t\t<a href=\"https:\/\/www.cuadrilladeayala.eus\/wp-content\/uploads\/2017\/11\/guia_recursos_servicios-cuadrilla_ayala.pdf\" target=\"_self\" role=\"button\"><br>\n\t\t\t\t\t\tDESCARGAR<br>\n\t\t\t\t\t<\/a><\/p>\n<a href=\"https:\/\/www.cuadrilladeayala.eus\/wp-content\/uploads\/2018\/03\/guia_ayala_2013-2014.pdf\" class=\"pdfemb-viewer\" style=\"\" data-width=\"max\" data-height=\"max\" data-toolbar=\"bottom\" data-toolbar-fixed=\"off\">guia_ayala_2013-2014<\/a>\n<p>\t\t\t<a href=\"https:\/\/www.cuadrilladeayala.eus\/wp-content\/uploads\/2018\/03\/guia_ayala_2013-2014.pdf\" target=\"_self\" role=\"button\"><br>\n\t\t\t\t\t\tDESCARGAR<br>\n\t\t\t\t\t<\/a><\/p>\t\t\t\t\t<\/div>\n\t\t\t\t\t\t<\/div>\n\t\t\t\t<\/div>\n\t\t\t\t\t\t<\/div>\n\t\t\t\t\t<\/div>\n\t\t<\/div>\n\t\t\t\t\t\t\t\t<\/div>\n\t\t\t\t\t<\/div>\n\t\t<\/section>\n\t\t\t\t\t\t\t\t\t<\/div>\n\t\t\t<\/div>\n\t\t\t\t\t<\/div>\n\t\t","protected":false},"excerpt":{"rendered":"<p>Aiaraldeko Kuadrillako Zerbitzuen eta Baliabideen Gida bi urtetik behin argitaratzen da, eta doan banatzen da Kuadrilla osatzen duten bost udalerritako etxe guztietan. Gidaren helburuak hauek dira: Erakundeari eta eskualdeari buruzko informazio eguneratua ematea. Kuadrilla osatzen duten bost udalerritako enpresen eta saltokien direktorioa izatea. Web gune honetan, Gidaren edukietara sar daiteke. Sakatu irudiaren eskuineko ertzean hurrengo [&hellip;]<\/p>\n","protected":false},"author":9,"featured_media":0,"parent":372,"menu_order":0,"comment_status":"closed","ping_status":"closed","template":"","meta":{"_genesis_hide_title":false,"_genesis_hide_breadcrumbs":false,"_genesis_hide_singular_image":false,"_genesis_hide_footer_widgets":false,"_genesis_custom_body_class":"","_genesis_custom_post_class":"","_genesis_layout":"sidebar-content","footnotes":""},"class_list":{"0":"post-413","1":"page","2":"type-page","3":"status-publish","5":"entry"},"_links":{"self":[{"href":"https:\/\/www.aiaraldea.org\/eu\/wp-json\/wp\/v2\/pages\/413","targetHints":{"allow":["GET"]}}],"collection":[{"href":"https:\/\/www.aiaraldea.org\/eu\/wp-json\/wp\/v2\/pages"}],"about":[{"href":"https:\/\/www.aiaraldea.org\/eu\/wp-json\/wp\/v2\/types\/page"}],"author":[{"embeddable":true,"href":"https:\/\/www.aiaraldea.org\/eu\/wp-json\/wp\/v2\/users\/9"}],"replies":[{"embeddable":true,"href":"https:\/\/www.aiaraldea.org\/eu\/wp-json\/wp\/v2\/comments?post=413"}],"version-history":[{"count":8,"href":"https:\/\/www.aiaraldea.org\/eu\/wp-json\/wp\/v2\/pages\/413\/revisions"}],"predecessor-version":[{"id":4221,"href":"https:\/\/www.aiaraldea.org\/eu\/wp-json\/wp\/v2\/pages\/413\/revisions\/4221"}],"up":[{"embeddable":true,"href":"https:\/\/www.aiaraldea.org\/eu\/wp-json\/wp\/v2\/pages\/372"}],"wp:attachment":[{"href":"https:\/\/www.aiaraldea.org\/eu\/wp-json\/wp\/v2\/media?parent=413"}],"curies":[{"name":"wp","href":"https:\/\/api.w.org\/{rel}","templated":true}]}}