{"id":4941,"date":"2017-07-19T18:44:39","date_gmt":"2017-07-19T18:44:39","guid":{"rendered":"https:\/\/www.cuadrilladeayala.eus\/zerbitzuak\/ingurumena\/hondakinak\/servicios-de-recogida\/"},"modified":"2026-01-29T17:11:42","modified_gmt":"2026-01-29T16:11:42","slug":"bilketa-zerbitzuak","status":"publish","type":"page","link":"https:\/\/www.aiaraldea.org\/eu\/zerbitzuak\/ingurumena\/hondakinak\/bilketa-zerbitzuak\/","title":{"rendered":"Bilketa-zerbitzuak"},"content":{"rendered":"\t\t<div data-elementor-type=\"wp-page\" data-elementor-id=\"4941\" class=\"elementor elementor-4941 elementor-207\">\n\t\t\t\t\t\t<div class=\"elementor-inner\">\n\t\t\t\t<div class=\"elementor-section-wrap\">\n\t\t\t\t\t\t\t\t\t<section class=\"elementor-section elementor-top-section elementor-element elementor-element-1f3d4f98 elementor-section-boxed elementor-section-height-default elementor-section-height-default\" data-id=\"1f3d4f98\" data-element_type=\"section\">\n\t\t\t\t\t\t<div class=\"elementor-container elementor-column-gap-default\">\n\t\t\t\t\t\t\t<div class=\"elementor-row\">\n\t\t\t\t\t<div class=\"elementor-column elementor-col-100 elementor-top-column elementor-element elementor-element-2c9d078f\" data-id=\"2c9d078f\" data-element_type=\"column\">\n\t\t\t<div class=\"elementor-column-wrap elementor-element-populated\">\n\t\t\t\t\t\t\t<div class=\"elementor-widget-wrap\">\n\t\t\t\t\t\t<div class=\"elementor-element elementor-element-3f4d4326 elementor-widget elementor-widget-text-editor\" data-id=\"3f4d4326\" data-element_type=\"widget\" data-widget_type=\"text-editor.default\">\n\t\t\t\t<div class=\"elementor-widget-container\">\n\t\t\t\t\t\t\t\t<div class=\"elementor-text-editor elementor-clearfix\">\n\t\t\t\t<p>La gesti\u00f3n de los residuos urbanos de la Cuadrilla de Aiaraldea sigue las directrices del Plan de Gesti\u00f3n de los residuos urbanos del Territorio Hist\u00f3rico de \u00c1lava 2006-2016 as\u00ed como del Documento de Directrices para la Planificaci\u00f3n y Gesti\u00f3n de Residuos Urbanos en la CAPV.<\/p><p>Estos contenedores est\u00e1n sometidos a programas de recogida, mantenimiento y limpieza, de manera que la ciudadan\u00eda tenga a su disposici\u00f3n contenedores sin saturar y en buenas condiciones de conservaci\u00f3n y limpieza. <strong>Consultar la frecuencia de recogida de residuos urbanos<\/strong>.<\/p><p>La recogida selectiva y en masa de residuos se realiza mediante isletas compuestas normalmente por los siguientes contenedores:<\/p><h2>SI<\/h2><h2>C\u00d3MO<\/h2><h2>NO<\/h2><p><img  title=\"\" decoding=\"async\" data-src=\"https:\/\/www.cuadrilladeayala.eus\/wp-content\/uploads\/2017\/07\/contenedor-azul.png\"  alt=\"contenedor-azul Bilketa-zerbitzuak\" src=\"data:image\/svg+xml;base64,PHN2ZyB3aWR0aD0iMSIgaGVpZ2h0PSIxIiB4bWxucz0iaHR0cDovL3d3dy53My5vcmcvMjAwMC9zdmciPjwvc3ZnPg==\" class=\"lazyload\" \/><\/p><h3>PAPEL Y CART\u00d3N<\/h3><p>Folletos publicitarios, propaganda, peri\u00f3dicos, revistas y cart\u00f3n.<\/p><p>El cart\u00f3n debe depositarse plegado. Tanto el papel como el cart\u00f3n no deben tener restos met\u00e1licos: grapas, anillas&#8230;<\/p><p>Papel de aluminio, papeles sucios, papeles t\u00e9rmicos de fax, papel plastificado, pa\u00f1ales.<\/p><p><img  title=\"\" decoding=\"async\" data-src=\"https:\/\/www.cuadrilladeayala.eus\/wp-content\/uploads\/2017\/07\/contenedor-verde.png\"  alt=\"contenedor-verde Bilketa-zerbitzuak\" src=\"data:image\/svg+xml;base64,PHN2ZyB3aWR0aD0iMSIgaGVpZ2h0PSIxIiB4bWxucz0iaHR0cDovL3d3dy53My5vcmcvMjAwMC9zdmciPjwvc3ZnPg==\" class=\"lazyload\" \/><\/p><h3>VIDRIO<\/h3><p>Botellas, tarros y frascos de vidrio.<\/p><p>Vac\u00edos y sin tapa, corchos ni tapones.<\/p><p>Espejos, bombillas, fluorescentes, vajilla, cristales de ventanas.<\/p><p><img  title=\"\" decoding=\"async\" data-src=\"https:\/\/www.cuadrilladeayala.eus\/wp-content\/uploads\/2017\/07\/contenedor-amarillo.png\"  alt=\"contenedor-amarillo Bilketa-zerbitzuak\" src=\"data:image\/svg+xml;base64,PHN2ZyB3aWR0aD0iMSIgaGVpZ2h0PSIxIiB4bWxucz0iaHR0cDovL3d3dy53My5vcmcvMjAwMC9zdmciPjwvc3ZnPg==\" class=\"lazyload\" \/><\/p><h3>ENVASES LIGEROS<\/h3><p>Envases de pl\u00e1stico: detergentes, suavizantes, lej\u00edas, bebidas, bolsas de pl\u00e1stico, yogurt&#8230;<\/p><p>Envases met\u00e1licos: lastas de conserva, latas de bebidas refrescantes, sprays&#8230;<\/p><p>Envases tipo brick: leche, zumos&#8230;<\/p><p>Los envases deben estar vac\u00edos y limpios. Hay que plegar los envases antes de introducrilos en el contenedor.\u00a0No introducir un envases dentro de otro. Introducir los envases individualmente, no en una bolsa cerrada.\u00a0Introducir separadamente el envase de su propio tap\u00f3n.<\/p><p>Pl\u00e1sticos que no sean envase: cintas de video y m\u00fasica, cepillos de dientes, peines, juguetes, persianas, tuber\u00edas&#8230; Met\u00e1lico que no sea envase: juguetes, cazuelas y sartenes, electrodom\u00e9sticos peque\u00f1os, tuber\u00edas&#8230; Envases ni de papel ni de vidrio<\/p><p><img  title=\"\" decoding=\"async\" data-src=\"https:\/\/www.cuadrilladeayala.eus\/wp-content\/uploads\/2017\/07\/contenedor-gris.png\"  alt=\"contenedor-gris Bilketa-zerbitzuak\" src=\"data:image\/svg+xml;base64,PHN2ZyB3aWR0aD0iMSIgaGVpZ2h0PSIxIiB4bWxucz0iaHR0cDovL3d3dy53My5vcmcvMjAwMC9zdmciPjwvc3ZnPg==\" class=\"lazyload\" \/><\/p><h3>TEXTILES<\/h3><p>Ropa y complementos textiles (calzado, bolsos, cinturones&#8230;)<\/p><p>En bolsa debidamente cerrada. Depositar dentro del contenedor.<\/p><p>Complementos en mal estado ni otra cosa que no sea textil.<\/p><p><img  title=\"\" decoding=\"async\" data-src=\"https:\/\/www.cuadrilladeayala.eus\/wp-content\/uploads\/2017\/07\/aceite.png\"  alt=\"aceite Bilketa-zerbitzuak\" src=\"data:image\/svg+xml;base64,PHN2ZyB3aWR0aD0iMSIgaGVpZ2h0PSIxIiB4bWxucz0iaHR0cDovL3d3dy53My5vcmcvMjAwMC9zdmciPjwvc3ZnPg==\" class=\"lazyload\" \/><\/p><h3>ACEITE<\/h3><p>Aceite de cocina usado.<\/p><p>En botellas de pl\u00e1stico y en un brick cerrados.<\/p><p>Aceite de coche o industrial. En envases de vidrio porque pueden romperse.<\/p><p>Debe depositarse en bolsa de pl\u00e1stico debidamente cerrada dentro del contenedor.<\/p><p><img  title=\"\" decoding=\"async\" data-src=\"https:\/\/www.cuadrilladeayala.eus\/wp-content\/uploads\/2017\/07\/tabla_frecuencia_recogida_residuos_urbanos-cuadrilla_de_ayala.jpg\"  alt=\"tabla_frecuencia_recogida_residuos_urbanos-cuadrilla_de_ayala Bilketa-zerbitzuak\" src=\"data:image\/svg+xml;base64,PHN2ZyB3aWR0aD0iMSIgaGVpZ2h0PSIxIiB4bWxucz0iaHR0cDovL3d3dy53My5vcmcvMjAwMC9zdmciPjwvc3ZnPg==\" class=\"lazyload\" \/><\/p><p>Puedes descargar los paneles informativos situados en Artziniega, Ayala y Okondo.<\/p><ul><li><a href=\"https:\/\/www.cuadrilladeayala.eus\/wp-content\/uploads\/2017\/07\/panel-informativo_residutos_artziniega.pdf\" target=\"_blank\" rel=\"noopener\">Panel informativo de Artziniega<\/a>.<\/li><li><a href=\"https:\/\/www.cuadrilladeayala.eus\/wp-content\/uploads\/2017\/07\/panel-informativo_residutos_ayala.pdf\" target=\"_blank\" rel=\"noopener\">Panel informativo de Ayala<\/a>.<\/li><li><a href=\"https:\/\/www.cuadrilladeayala.eus\/wp-content\/uploads\/2017\/07\/panel-informativo_residutos_okondo.pdf\" target=\"_blank\" rel=\"noopener\">Panel informativo de Okondo<\/a>.<\/li><\/ul><div><span style=\"font-family: 'Source Sans Pro', sans-serif;\"><b>\u00a0Email:<\/b>\u00a0<\/span><a style=\"background-color: #ffffff; font-family: 'Source Sans Pro', sans-serif;\" href=\"mailto:cayala.aintzane@ayto.araba.eus\">cayala.aintzane@ayto.araba.eus<\/a><\/div>\t\t\t\t\t<\/div>\n\t\t\t\t\t\t<\/div>\n\t\t\t\t<\/div>\n\t\t\t\t\t\t<\/div>\n\t\t\t\t\t<\/div>\n\t\t<\/div>\n\t\t\t\t\t\t\t\t<\/div>\n\t\t\t\t\t<\/div>\n\t\t<\/section>\n\t\t\t\t\t\t\t\t\t<\/div>\n\t\t\t<\/div>\n\t\t\t\t\t<\/div>\n\t\t","protected":false},"excerpt":{"rendered":"<p>HONDAKINAK BILTZEA Aiaraldeko Kuadrillako hiri hondakinen kudeaketak Arabako hiri hondakinen prebentzio eta kudeaketa planaren (2017-2030) eta EAEko hondakinen prebentzio eta kudeaketa planaren (2030) jarraibideei jarraitzen die. Hondakin jakin bat nora joan behar den zalantzarik baduzu, sartu Arabako Foru Aldundiaren InfoRecikla webgunean. Han, hondakin bakoitzari buruzko informazioa aurkitu daiteke, zer egin eta non utzi. Edukiontzietako bilketa [&hellip;]<\/p>\n","protected":false},"author":9,"featured_media":0,"parent":4936,"menu_order":0,"comment_status":"closed","ping_status":"closed","template":"","meta":{"_genesis_hide_title":false,"_genesis_hide_breadcrumbs":false,"_genesis_hide_singular_image":false,"_genesis_hide_footer_widgets":false,"_genesis_custom_body_class":"","_genesis_custom_post_class":"","_genesis_layout":"sidebar-content","footnotes":""},"class_list":{"0":"post-4941","1":"page","2":"type-page","3":"status-publish","5":"entry"},"_links":{"self":[{"href":"https:\/\/www.aiaraldea.org\/eu\/wp-json\/wp\/v2\/pages\/4941","targetHints":{"allow":["GET"]}}],"collection":[{"href":"https:\/\/www.aiaraldea.org\/eu\/wp-json\/wp\/v2\/pages"}],"about":[{"href":"https:\/\/www.aiaraldea.org\/eu\/wp-json\/wp\/v2\/types\/page"}],"author":[{"embeddable":true,"href":"https:\/\/www.aiaraldea.org\/eu\/wp-json\/wp\/v2\/users\/9"}],"replies":[{"embeddable":true,"href":"https:\/\/www.aiaraldea.org\/eu\/wp-json\/wp\/v2\/comments?post=4941"}],"version-history":[{"count":7,"href":"https:\/\/www.aiaraldea.org\/eu\/wp-json\/wp\/v2\/pages\/4941\/revisions"}],"predecessor-version":[{"id":7691,"href":"https:\/\/www.aiaraldea.org\/eu\/wp-json\/wp\/v2\/pages\/4941\/revisions\/7691"}],"up":[{"embeddable":true,"href":"https:\/\/www.aiaraldea.org\/eu\/wp-json\/wp\/v2\/pages\/4936"}],"wp:attachment":[{"href":"https:\/\/www.aiaraldea.org\/eu\/wp-json\/wp\/v2\/media?parent=4941"}],"curies":[{"name":"wp","href":"https:\/\/api.w.org\/{rel}","templated":true}]}}